{"id":34,"date":"2022-02-17T14:27:30","date_gmt":"2022-02-17T22:27:30","guid":{"rendered":"https:\/\/import.bellevuetheme.com\/countryside2\/?page_id=3581"},"modified":"2025-05-13T15:03:01","modified_gmt":"2025-05-13T15:03:01","slug":"chi-siamo","status":"publish","type":"page","link":"https:\/\/agriturismocinuzza.it\/es\/chi-siamo\/","title":{"rendered":"Chi Siamo"},"content":{"rendered":"\t\t<div data-elementor-type=\"wp-page\" data-elementor-id=\"34\" class=\"elementor elementor-34\">\n\t\t\t\t\t\t<section class=\"elementor-section elementor-top-section elementor-element elementor-element-1ddbfdb5 elementor-section-full_width elementor-section-height-default elementor-section-height-default\" data-id=\"1ddbfdb5\" data-element_type=\"section\">\n\t\t\t\t\t\t\t<div class=\"elementor-background-overlay\"><\/div>\n\t\t\t\t\t\t\t<div class=\"elementor-container elementor-column-gap-default\">\n\t\t\t\t\t<div class=\"elementor-column elementor-col-50 elementor-top-column elementor-element elementor-element-2a2cd8d8\" data-id=\"2a2cd8d8\" data-element_type=\"column\" data-settings=\"{&quot;background_background&quot;:&quot;classic&quot;}\">\n\t\t\t<div class=\"elementor-widget-wrap elementor-element-populated\">\n\t\t\t\t\t\t<section class=\"elementor-section elementor-inner-section elementor-element elementor-element-793e1ab4 thmv-inner-container thmv-inner-right elementor-section-boxed elementor-section-height-default elementor-section-height-default\" data-id=\"793e1ab4\" data-element_type=\"section\">\n\t\t\t\t\t\t<div class=\"elementor-container elementor-column-gap-no\">\n\t\t\t\t\t<div class=\"elementor-column elementor-col-100 elementor-inner-column elementor-element elementor-element-b529bf6 thmv-flex-right\" data-id=\"b529bf6\" data-element_type=\"column\">\n\t\t\t<div class=\"elementor-widget-wrap elementor-element-populated\">\n\t\t\t\t\t\t<div class=\"elementor-element elementor-element-82de492 elementor-widget elementor-widget-heading\" data-id=\"82de492\" data-element_type=\"widget\" data-widget_type=\"heading.default\">\n\t\t\t\t\t<h1 class=\"elementor-heading-title elementor-size-default\">Sobre nosotros<\/h1>\t\t\t\t<\/div>\n\t\t\t\t<div class=\"elementor-element elementor-element-961c021 elementor-widget elementor-widget-text-editor\" data-id=\"961c021\" data-element_type=\"widget\" data-widget_type=\"text-editor.default\">\n\t\t\t\t\t\t\t\t\t<p>Agriturismo Podere Cinuzza: Situado a pocos kil\u00f3metros de Siena, renovado y amueblado seg\u00fan las antiguas tradiciones toscanas.<\/p>\t\t\t\t\t\t\t\t<\/div>\n\t\t\t\t<div class=\"elementor-element elementor-element-6f3d512 elementor-widget elementor-widget-button\" data-id=\"6f3d512\" data-element_type=\"widget\" data-widget_type=\"button.default\">\n\t\t\t\t\t\t\t\t\t\t<a class=\"elementor-button elementor-button-link elementor-size-sm\" href=\"https:\/\/agriturismocinuzza.it\/es\/contact-us\/\">\n\t\t\t\t\t\t<span class=\"elementor-button-content-wrapper\">\n\t\t\t\t\t\t\t\t\t<span class=\"elementor-button-text\">Cont\u00e1ctenos<\/span>\n\t\t\t\t\t<\/span>\n\t\t\t\t\t<\/a>\n\t\t\t\t\t\t\t\t<\/div>\n\t\t\t\t\t<\/div>\n\t\t<\/div>\n\t\t\t\t\t<\/div>\n\t\t<\/section>\n\t\t\t\t\t<\/div>\n\t\t<\/div>\n\t\t\t\t<div class=\"elementor-column elementor-col-50 elementor-top-column elementor-element elementor-element-3c00666c\" data-id=\"3c00666c\" data-element_type=\"column\" data-settings=\"{&quot;background_background&quot;:&quot;classic&quot;}\">\n\t\t\t<div class=\"elementor-widget-wrap elementor-element-populated\">\n\t\t\t\t\t\t<div class=\"elementor-element elementor-element-54e9fb9 elementor-widget elementor-widget-spacer\" data-id=\"54e9fb9\" data-element_type=\"widget\" data-widget_type=\"spacer.default\">\n\t\t\t\t\t\t\t<div class=\"elementor-spacer\">\n\t\t\t<div class=\"elementor-spacer-inner\"><\/div>\n\t\t<\/div>\n\t\t\t\t\t\t<\/div>\n\t\t\t\t\t<\/div>\n\t\t<\/div>\n\t\t\t\t\t<\/div>\n\t\t<\/section>\n\t\t\t\t<section class=\"elementor-section elementor-top-section elementor-element elementor-element-d7a58e2 elementor-section-boxed elementor-section-height-default elementor-section-height-default\" data-id=\"d7a58e2\" data-element_type=\"section\">\n\t\t\t\t\t\t<div class=\"elementor-container elementor-column-gap-default\">\n\t\t\t\t\t<div class=\"elementor-column elementor-col-100 elementor-top-column elementor-element elementor-element-ef6d3f4\" data-id=\"ef6d3f4\" data-element_type=\"column\">\n\t\t\t<div class=\"elementor-widget-wrap elementor-element-populated\">\n\t\t\t\t\t\t<div class=\"elementor-element elementor-element-a9aacba elementor-widget elementor-widget-text-editor\" data-id=\"a9aacba\" data-element_type=\"widget\" data-widget_type=\"text-editor.default\">\n\t\t\t\t\t\t\t\t\t<p>A pocos kil\u00f3metros de Siena, Agriturismo Cinuzza le da la bienvenida a un oasis de autenticidad y confort, donde revive el encanto de las antiguas tradiciones toscanas. La estructura, h\u00e1bilmente restaurada y amueblada al estilo local, ofrece dos apartamentos.<\/p><p>Cada detalle evoca la belleza del pasado, con suelos de terracota, techos abovedados y una acogedora zona de estar con chimenea y rinc\u00f3n de lectura. Los apartamentos est\u00e1n totalmente equipados para garantizar una estancia c\u00f3moda y relajante, inmersa en la tranquilidad de las colinas toscanas.<\/p>\t\t\t\t\t\t\t\t<\/div>\n\t\t\t\t\t<\/div>\n\t\t<\/div>\n\t\t\t\t\t<\/div>\n\t\t<\/section>\n\t\t\t\t<section class=\"elementor-section elementor-top-section elementor-element elementor-element-bd823da elementor-section-boxed elementor-section-height-default elementor-section-height-default\" data-id=\"bd823da\" data-element_type=\"section\">\n\t\t\t\t\t\t<div class=\"elementor-container elementor-column-gap-default\">\n\t\t\t\t\t<div class=\"elementor-column elementor-col-100 elementor-top-column elementor-element elementor-element-e6f0cde\" data-id=\"e6f0cde\" data-element_type=\"column\">\n\t\t\t<div class=\"elementor-widget-wrap elementor-element-populated\">\n\t\t\t\t\t\t<div class=\"elementor-element elementor-element-9059530 elementor-widget elementor-widget-themo-image-gallery\" data-id=\"9059530\" data-element_type=\"widget\" data-widget_type=\"themo-image-gallery.default\">\n\t\t\t\t<div class=\"elementor-widget-container\">\n\t\t\t\t\t\t\t<div class=\"elementor-image-gallery th-image-stretch\">\n\t\t\t<div class=\"gallery gallery-34-1\"><div class=\"row gallery-row\"><div class=\"col-sm-4 col-lg-4\"><a data-toggle=\"lightbox\" data-gallery=\"multiimages\" data-title=\"\"  class=\"thumbnail img-thumbnail\" href='https:\/\/agriturismocinuzza.it\/wp-content\/uploads\/2025\/01\/piccolo1.jpg'><img fetchpriority=\"high\" decoding=\"async\" width=\"605\" height=\"605\" src=\"https:\/\/agriturismocinuzza.it\/wp-content\/uploads\/2025\/01\/piccolo1-605x605.jpg\" class=\"attachment-th_img_md_square size-th_img_md_square\" alt=\"\" srcset=\"https:\/\/agriturismocinuzza.it\/wp-content\/uploads\/2025\/01\/piccolo1-605x605.jpg 605w, https:\/\/agriturismocinuzza.it\/wp-content\/uploads\/2025\/01\/piccolo1-150x150.jpg 150w, https:\/\/agriturismocinuzza.it\/wp-content\/uploads\/2025\/01\/piccolo1-394x394.jpg 394w\" sizes=\"(max-width: 605px) 100vw, 605px\" \/><\/a><div class=\"gallery-text\"><div class=\"image-title\">piccolo1<\/div><\/div><\/div><div class=\"col-sm-4 col-lg-4\"><a data-toggle=\"lightbox\" data-gallery=\"multiimages\" data-title=\"Agriturismo Cinuzza - Appartamento grande - Camera matrimoniale\"  class=\"thumbnail img-thumbnail\" href='https:\/\/agriturismocinuzza.it\/wp-content\/uploads\/2025\/01\/grande5.jpg'><img decoding=\"async\" width=\"605\" height=\"605\" src=\"https:\/\/agriturismocinuzza.it\/wp-content\/uploads\/2025\/01\/grande5-605x605.jpg\" class=\"attachment-th_img_md_square size-th_img_md_square\" alt=\"Agriturismo Cinuzza - Appartamento grande - Camera matrimoniale\" srcset=\"https:\/\/agriturismocinuzza.it\/wp-content\/uploads\/2025\/01\/grande5-605x605.jpg 605w, https:\/\/agriturismocinuzza.it\/wp-content\/uploads\/2025\/01\/grande5-150x150.jpg 150w, https:\/\/agriturismocinuzza.it\/wp-content\/uploads\/2025\/01\/grande5-394x394.jpg 394w\" sizes=\"(max-width: 605px) 100vw, 605px\" \/><\/a><div class=\"gallery-text\"><div class=\"image-title\">grande5<\/div><\/div><\/div><div class=\"col-sm-4 col-lg-4\"><a data-toggle=\"lightbox\" data-gallery=\"multiimages\" data-title=\"Agriturismo Cinuzza - Appartamento Salone\"  class=\"thumbnail img-thumbnail\" href='https:\/\/agriturismocinuzza.it\/wp-content\/uploads\/2025\/01\/grande2.jpg'><img decoding=\"async\" width=\"605\" height=\"605\" src=\"https:\/\/agriturismocinuzza.it\/wp-content\/uploads\/2025\/01\/grande2-605x605.jpg\" class=\"attachment-th_img_md_square size-th_img_md_square\" alt=\"Agriturismo Cinuzza - Appartamento Salone\" srcset=\"https:\/\/agriturismocinuzza.it\/wp-content\/uploads\/2025\/01\/grande2-605x605.jpg 605w, https:\/\/agriturismocinuzza.it\/wp-content\/uploads\/2025\/01\/grande2-150x150.jpg 150w, https:\/\/agriturismocinuzza.it\/wp-content\/uploads\/2025\/01\/grande2-394x394.jpg 394w\" sizes=\"(max-width: 605px) 100vw, 605px\" \/><\/a><div class=\"gallery-text\"><div class=\"image-title\">Appartamento grande<\/div><\/div><\/div><\/div><\/div>\t\t<\/div>\n\t\t\t\t\t\t<\/div>\n\t\t\t\t<\/div>\n\t\t\t\t\t<\/div>\n\t\t<\/div>\n\t\t\t\t\t<\/div>\n\t\t<\/section>\n\t\t\t\t<section class=\"elementor-section elementor-top-section elementor-element elementor-element-ca069ff elementor-section-boxed elementor-section-height-default elementor-section-height-default\" data-id=\"ca069ff\" data-element_type=\"section\" data-settings=\"{&quot;background_background&quot;:&quot;classic&quot;}\">\n\t\t\t\t\t\t<div class=\"elementor-container elementor-column-gap-no\">\n\t\t\t\t\t<div class=\"elementor-column elementor-col-50 elementor-top-column elementor-element elementor-element-505ef3a\" data-id=\"505ef3a\" data-element_type=\"column\">\n\t\t\t<div class=\"elementor-widget-wrap elementor-element-populated\">\n\t\t\t\t\t\t<div class=\"elementor-element elementor-element-8e71ba8 elementor-widget elementor-widget-image\" data-id=\"8e71ba8\" data-element_type=\"widget\" data-widget_type=\"image.default\">\n\t\t\t\t\t\t\t\t\t\t\t\t\t\t\t<img loading=\"lazy\" decoding=\"async\" width=\"605\" height=\"800\" src=\"https:\/\/agriturismocinuzza.it\/wp-content\/uploads\/2025\/01\/Esterno3-1-605x800.jpg\" class=\"attachment-th_img_md_portrait size-th_img_md_portrait wp-image-362\" alt=\"\" \/>\t\t\t\t\t\t\t\t\t\t\t\t\t\t\t<\/div>\n\t\t\t\t\t<\/div>\n\t\t<\/div>\n\t\t\t\t<div class=\"elementor-column elementor-col-50 elementor-top-column elementor-element elementor-element-082dfe9\" data-id=\"082dfe9\" data-element_type=\"column\">\n\t\t\t<div class=\"elementor-widget-wrap elementor-element-populated\">\n\t\t\t\t\t\t<div class=\"elementor-element elementor-element-f669940 elementor-widget elementor-widget-heading\" data-id=\"f669940\" data-element_type=\"widget\" data-widget_type=\"heading.default\">\n\t\t\t\t\t<h4 class=\"elementor-heading-title elementor-size-default\">M\u00e1s sobre nosotros<\/h4>\t\t\t\t<\/div>\n\t\t\t\t<div class=\"elementor-element elementor-element-29b7f4d elementor-widget elementor-widget-heading\" data-id=\"29b7f4d\" data-element_type=\"widget\" data-widget_type=\"heading.default\">\n\t\t\t\t\t<h3 class=\"elementor-heading-title elementor-size-default\">Rodeado de naturaleza, impresionantes vistas al campo.<\/h3>\t\t\t\t<\/div>\n\t\t\t\t<div class=\"elementor-element elementor-element-457130c elementor-widget elementor-widget-text-editor\" data-id=\"457130c\" data-element_type=\"widget\" data-widget_type=\"text-editor.default\">\n\t\t\t\t\t\t\t\t\t<p>Nuestros pisos est\u00e1n bien mantenidos y completamente amueblados, para que pueda <strong>disfrutar de todas las comodidades de su hogar mientras est\u00e1 fuera<\/strong>. Adem\u00e1s, todos nuestros alojamientos est\u00e1n equipados con cocina completa, para que puedas ahorrar dinero en comidas fuera de casa.<\/p>\t\t\t\t\t\t\t\t<\/div>\n\t\t\t\t\t<\/div>\n\t\t<\/div>\n\t\t\t\t\t<\/div>\n\t\t<\/section>\n\t\t\t\t<section class=\"elementor-section elementor-top-section elementor-element elementor-element-a76a176 elementor-reverse-tablet elementor-section-boxed elementor-section-height-default elementor-section-height-default\" data-id=\"a76a176\" data-element_type=\"section\" data-settings=\"{&quot;background_background&quot;:&quot;classic&quot;}\">\n\t\t\t\t\t\t<div class=\"elementor-container elementor-column-gap-no\">\n\t\t\t\t\t<div class=\"elementor-column elementor-col-50 elementor-top-column elementor-element elementor-element-b292943\" data-id=\"b292943\" data-element_type=\"column\">\n\t\t\t<div class=\"elementor-widget-wrap elementor-element-populated\">\n\t\t\t\t\t\t<div class=\"elementor-element elementor-element-b639472 elementor-widget elementor-widget-heading\" data-id=\"b639472\" data-element_type=\"widget\" data-widget_type=\"heading.default\">\n\t\t\t\t\t<h4 class=\"elementor-heading-title elementor-size-default\">Un trocito de para\u00edso<\/h4>\t\t\t\t<\/div>\n\t\t\t\t<div class=\"elementor-element elementor-element-32a9aeb elementor-widget elementor-widget-heading\" data-id=\"32a9aeb\" data-element_type=\"widget\" data-widget_type=\"heading.default\">\n\t\t\t\t\t<h3 class=\"elementor-heading-title elementor-size-default\">Un oasis de sabores, relax y belleza en el coraz\u00f3n de la Toscana<\/h3>\t\t\t\t<\/div>\n\t\t\t\t<div class=\"elementor-element elementor-element-adf7b11 elementor-widget elementor-widget-text-editor\" data-id=\"adf7b11\" data-element_type=\"widget\" data-widget_type=\"text-editor.default\">\n\t\t\t\t\t\t\t\t\t<p>Aqu\u00ed encontrar\u00e1 una acogida c\u00e1lida y aut\u00e9ntica, acompa\u00f1ada de la posibilidad de <strong>degustar los productos t\u00edpicos de la granja<\/strong>, como nuestro vino y aceite, elaborados con pasi\u00f3n y esmero.<\/p><p>Rel\u00e1jese <strong>inmerso en el maravilloso paisaje toscano<\/strong>, en una estancia ideal para quienes buscan tranquilidad y bienestar. A pocos kil\u00f3metros, podr\u00e1 disfrutar de momentos de relax en los balnearios cercanos, perfectos para regenerar cuerpo y mente.<\/p><p><strong>Agriturismo Cinuzza<\/strong> es tambi\u00e9n un <strong>punto de partida estrat\u00e9gico<\/strong> para explorar algunos de los destinos m\u00e1s fascinantes de la Toscana, como Siena, Montepulciano, Montalcino, Pienza, San Gimignano y Volterra. Sin olvidar las iglesias parroquiales, los castillos y los pueblos de Chianti, enclavados en un paisaje que le dejar\u00e1 sin aliento.<\/p>\t\t\t\t\t\t\t\t<\/div>\n\t\t\t\t\t<\/div>\n\t\t<\/div>\n\t\t\t\t<div class=\"elementor-column elementor-col-50 elementor-top-column elementor-element elementor-element-944f602\" data-id=\"944f602\" data-element_type=\"column\">\n\t\t\t<div class=\"elementor-widget-wrap elementor-element-populated\">\n\t\t\t\t\t\t<div class=\"elementor-element elementor-element-3de5a21 elementor-widget elementor-widget-image\" data-id=\"3de5a21\" data-element_type=\"widget\" data-widget_type=\"image.default\">\n\t\t\t\t\t\t\t\t\t\t\t\t\t\t\t<img loading=\"lazy\" decoding=\"async\" width=\"605\" height=\"806\" src=\"https:\/\/agriturismocinuzza.it\/wp-content\/uploads\/2025\/01\/style14-02-605x806.jpg\" class=\"attachment-th_img_md_portrait size-th_img_md_portrait wp-image-11\" alt=\"\" \/>\t\t\t\t\t\t\t\t\t\t\t\t\t\t\t<\/div>\n\t\t\t\t\t<\/div>\n\t\t<\/div>\n\t\t\t\t\t<\/div>\n\t\t<\/section>\n\t\t\t\t<\/div>\n\t\t","protected":false},"excerpt":{"rendered":"<p>Chi Siamo Agriturismo Podere Cinuzza: Situato a pochi chilometri da Siena, ristrutturato e arredato secondo le antiche tradizioni toscane. Contattaci A pochi chilometri da Siena, l\u2019Agriturismo Cinuzza ti accoglie in un\u2019oasi di autenticit\u00e0 e comfort, dove il fascino delle antiche &hellip; <a href=\"https:\/\/agriturismocinuzza.it\/es\/chi-siamo\/\">Read More<\/a><\/p>\n","protected":false},"author":1,"featured_media":0,"parent":0,"menu_order":3,"comment_status":"closed","ping_status":"closed","template":"","meta":{"footnotes":""},"class_list":["post-34","page","type-page","status-publish","hentry"],"yoast_head":"<!-- This site is optimized with the Yoast SEO plugin v27.2 - https:\/\/yoast.com\/product\/yoast-seo-wordpress\/ -->\n<title>Chi Siamo<\/title>\n<meta name=\"description\" content=\"Leggi di piu sulla storia e sulle origini del nostro agriturismo a Castelnuovo Berardenga, nel cuore del Chianti, in provincia di Siena.\" \/>\n<meta name=\"robots\" content=\"index, follow, max-snippet:-1, max-image-preview:large, max-video-preview:-1\" \/>\n<link rel=\"canonical\" href=\"\" \/>\n<meta property=\"og:locale\" content=\"es_ES\" \/>\n<meta property=\"og:type\" content=\"article\" \/>\n<meta property=\"og:title\" content=\"Chi Siamo\" \/>\n<meta property=\"og:description\" content=\"Leggi di piu sulla storia e sulle origini del nostro agriturismo a Castelnuovo Berardenga, nel cuore del Chianti, in provincia di Siena.\" \/>\n<meta property=\"og:url\" content=\"https:\/\/agriturismocinuzza.it\/es\/chi-siamo\/\" \/>\n<meta property=\"og:site_name\" content=\"Agriturismo Cinuzza\" \/>\n<meta property=\"article:modified_time\" content=\"2025-05-13T15:03:01+00:00\" \/>\n<meta property=\"og:image\" content=\"https:\/\/agriturismocinuzza.it\/wp-content\/uploads\/2025\/01\/piccolo1-605x605.jpg\" \/>\n<meta name=\"twitter:card\" content=\"summary_large_image\" \/>\n<meta name=\"twitter:label1\" content=\"Tiempo de lectura\" \/>\n\t<meta name=\"twitter:data1\" content=\"3 minutos\" \/>\n<!-- \/ Yoast SEO plugin. -->","yoast_head_json":{"title":"Chi Siamo","description":"Leggi di piu sulla storia e sulle origini del nostro agriturismo a Castelnuovo Berardenga, nel cuore del Chianti, in provincia di Siena.","robots":{"index":"index","follow":"follow","max-snippet":"max-snippet:-1","max-image-preview":"max-image-preview:large","max-video-preview":"max-video-preview:-1"},"canonical":"Chi Siamo Agriturismo Podere Cinuzza: Situato a pochi chilometri da Siena, ristrutturato e arredato secondo le antiche tradizioni toscane. Contattaci A pochi chilometri da Siena, l\u2019Agriturismo Cinuzza ti accoglie in un\u2019oasi di autenticit\u00e0 e comfort, dove il fascino delle antiche tradizioni toscane prende vita. La struttura, sapientemente ristrutturata e arredata nel rispetto dello stile locale,&hellip;","og_locale":"es_ES","og_type":"article","og_title":"Chi Siamo","og_description":"Leggi di piu sulla storia e sulle origini del nostro agriturismo a Castelnuovo Berardenga, nel cuore del Chianti, in provincia di Siena.","og_url":"https:\/\/agriturismocinuzza.it\/es\/chi-siamo\/","og_site_name":"Agriturismo Cinuzza","article_modified_time":"2025-05-13T15:03:01+00:00","og_image":[{"url":"https:\/\/agriturismocinuzza.it\/wp-content\/uploads\/2025\/01\/piccolo1-605x605.jpg","type":"","width":"","height":""}],"twitter_card":"summary_large_image","twitter_misc":{"Tiempo de lectura":"3 minutos"},"schema":{"@context":"https:\/\/schema.org","@graph":[{"@type":"WebPage","@id":"https:\/\/agriturismocinuzza.it\/es\/chi-siamo\/","url":"https:\/\/agriturismocinuzza.it\/es\/chi-siamo\/","name":"Chi Siamo - Agriturismo Cinuzza","isPartOf":{"@id":"https:\/\/agriturismocinuzza.it\/#website"},"primaryImageOfPage":{"@id":"https:\/\/agriturismocinuzza.it\/es\/chi-siamo\/#primaryimage"},"image":{"@id":"https:\/\/agriturismocinuzza.it\/es\/chi-siamo\/#primaryimage"},"thumbnailUrl":"https:\/\/agriturismocinuzza.it\/wp-content\/uploads\/2025\/01\/piccolo1-605x605.jpg","datePublished":"2022-02-17T22:27:30+00:00","dateModified":"2025-05-13T15:03:01+00:00","description":"Leggi di piu sulla storia e sulle origini del nostro agriturismo a Castelnuovo Berardenga, nel cuore del Chianti, in provincia di Siena.","breadcrumb":{"@id":"https:\/\/agriturismocinuzza.it\/es\/chi-siamo\/#breadcrumb"},"inLanguage":"es","potentialAction":[{"@type":"ReadAction","target":["https:\/\/agriturismocinuzza.it\/es\/chi-siamo\/"]}]},{"@type":"ImageObject","inLanguage":"es","@id":"https:\/\/agriturismocinuzza.it\/es\/chi-siamo\/#primaryimage","url":"https:\/\/agriturismocinuzza.it\/wp-content\/uploads\/2025\/01\/piccolo1-605x605.jpg","contentUrl":"https:\/\/agriturismocinuzza.it\/wp-content\/uploads\/2025\/01\/piccolo1-605x605.jpg"},{"@type":"BreadcrumbList","@id":"https:\/\/agriturismocinuzza.it\/es\/chi-siamo\/#breadcrumb","itemListElement":[{"@type":"ListItem","position":1,"name":"Home","item":"https:\/\/agriturismocinuzza.it\/"},{"@type":"ListItem","position":2,"name":"Chi Siamo"}]},{"@type":"WebSite","@id":"https:\/\/agriturismocinuzza.it\/es\/#website","url":"https:\/\/agriturismocinuzza.it\/es\/","name":"Agriturismo Podere Cinuzza","description":"Natura, sapori e tradizione: benvenuti a Cinuzza","publisher":{"@id":"https:\/\/agriturismocinuzza.it\/es\/#organization"},"alternateName":"Agriturismo Cinuzza","potentialAction":[{"@type":"SearchAction","target":{"@type":"EntryPoint","urlTemplate":"https:\/\/agriturismocinuzza.it\/es\/?s={search_term_string}"},"query-input":{"@type":"PropertyValueSpecification","valueRequired":true,"valueName":"search_term_string"}}],"inLanguage":"es"},{"@type":"Organization","@id":"https:\/\/agriturismocinuzza.it\/es\/#organization","name":"Agriturismo Podere Cinuzza","alternateName":"Agriturismo Cinuzza","url":"https:\/\/agriturismocinuzza.it\/es\/","logo":{"@type":"ImageObject","inLanguage":"es","@id":"https:\/\/agriturismocinuzza.it\/es\/#\/schema\/logo\/image\/","url":"https:\/\/agriturismocinuzza.it\/wp-content\/uploads\/2021\/09\/Agriturismo-Cinuzza-Logo-2.png","contentUrl":"https:\/\/agriturismocinuzza.it\/wp-content\/uploads\/2021\/09\/Agriturismo-Cinuzza-Logo-2.png","width":1000,"height":500,"caption":"Agriturismo Podere Cinuzza"},"image":{"@id":"https:\/\/agriturismocinuzza.it\/es\/#\/schema\/logo\/image\/"}}]}},"_links":{"self":[{"href":"https:\/\/agriturismocinuzza.it\/es\/wp-json\/wp\/v2\/pages\/34","targetHints":{"allow":["GET"]}}],"collection":[{"href":"https:\/\/agriturismocinuzza.it\/es\/wp-json\/wp\/v2\/pages"}],"about":[{"href":"https:\/\/agriturismocinuzza.it\/es\/wp-json\/wp\/v2\/types\/page"}],"author":[{"embeddable":true,"href":"https:\/\/agriturismocinuzza.it\/es\/wp-json\/wp\/v2\/users\/1"}],"replies":[{"embeddable":true,"href":"https:\/\/agriturismocinuzza.it\/es\/wp-json\/wp\/v2\/comments?post=34"}],"version-history":[{"count":0,"href":"https:\/\/agriturismocinuzza.it\/es\/wp-json\/wp\/v2\/pages\/34\/revisions"}],"wp:attachment":[{"href":"https:\/\/agriturismocinuzza.it\/es\/wp-json\/wp\/v2\/media?parent=34"}],"curies":[{"name":"wp","href":"https:\/\/api.w.org\/{rel}","templated":true}]}}