{"id":47,"date":"2021-10-18T17:01:15","date_gmt":"2021-10-18T17:01:15","guid":{"rendered":"https:\/\/import.bellevuetheme.com\/countryside2\/?page_id=1933"},"modified":"2025-04-18T15:38:12","modified_gmt":"2025-04-18T15:38:12","slug":"terms-conditions","status":"publish","type":"page","link":"https:\/\/agriturismocinuzza.it\/es\/cookie-policy-eu\/terms-conditions\/","title":{"rendered":"Terms & Conditions"},"content":{"rendered":"\t\t<div data-elementor-type=\"wp-page\" data-elementor-id=\"47\" class=\"elementor elementor-47\">\n\t\t\t\t\t\t<section class=\"elementor-section elementor-top-section elementor-element elementor-element-8bfbe34 elementor-section-boxed elementor-section-height-default elementor-section-height-default\" data-id=\"8bfbe34\" data-element_type=\"section\">\n\t\t\t\t\t\t<div class=\"elementor-container elementor-column-gap-default\">\n\t\t\t\t\t<div class=\"elementor-column elementor-col-100 elementor-top-column elementor-element elementor-element-c8634d6\" data-id=\"c8634d6\" data-element_type=\"column\">\n\t\t\t<div class=\"elementor-widget-wrap elementor-element-populated\">\n\t\t\t\t\t\t<div class=\"elementor-element elementor-element-123d64a elementor-widget elementor-widget-text-editor\" data-id=\"123d64a\" data-element_type=\"widget\" data-widget_type=\"text-editor.default\">\n\t\t\t\t\t\t\t\t\t<h5>Agriturismo Cinuzza: T\u00e9rminos y Condiciones<\/h5><p>En Agriturismo Cinuzza, deseamos ofrecer a nuestros hu\u00e9spedes una experiencia tranquila y transparente. A continuaci\u00f3n, los t\u00e9rminos de reserva y cancelaci\u00f3n.<\/p><p>T\u00e9rminos de Reserva<\/p><p>Una vez realizada la reserva a trav\u00e9s de este sitio web, bloquearemos las fechas seleccionadas durante 72 horas. Si no se recibe el pago dentro de ese plazo, la reserva se cancelar\u00e1 autom\u00e1ticamente y las fechas volver\u00e1n a estar disponibles en el sitio.<\/p><h5>T\u00e9rminos y Condiciones de Cancelaci\u00f3n<\/h5><p>En Agriturismo Cinuzza entendemos que los planes pueden cambiar, y hacemos todo lo posible por ofrecer a nuestros hu\u00e9spedes una pol\u00edtica de cancelaci\u00f3n clara y transparente.<\/p><h5>Pol\u00edtica de Cancelaci\u00f3n<\/h5><p>Cancelaci\u00f3n hasta 5 d\u00edas antes de la llegada: Si se cancela la reserva con al menos 5 d\u00edas de antelaci\u00f3n respecto a la fecha prevista de llegada, se reembolsar\u00e1 el importe total de la reserva.<\/p><p>Cancelaci\u00f3n en los 5 d\u00edas anteriores a la llegada: Si la cancelaci\u00f3n se realiza en los 5 d\u00edas previos a la llegada, no se efectuar\u00e1 ning\u00fan reembolso.<\/p><h5>C\u00f3mo Cancelar<\/h5><p>Para cancelar tu reserva, por favor cont\u00e1ctanos a trav\u00e9s de:<\/p><p>Correo electr\u00f3nico: info@agriturismocinuzza.it \/ agriturismocinuzza@gmail.com<br \/>Tel\u00e9fono: +39 3282924550 \/ +39 05773922434<\/p><p>Cuando corresponda, el reembolso se efectuar\u00e1 en un plazo de 7 d\u00edas laborables desde la confirmaci\u00f3n de la cancelaci\u00f3n.<\/p><h5>Tasa Tur\u00edstica<\/h5><p>La tasa tur\u00edstica se cobrar\u00e1 en efectivo al momento del check-in. El importe es de 2,00 \u20ac por noche por persona durante las primeras 7 noches, y se aplica \u00fanicamente a adultos mayores de 12 a\u00f1os.<\/p><h5>Condiciones Especiales<\/h5><p>En caso de no-show (no presentarse sin previo aviso), no se reembolsar\u00e1 el importe de la reserva.<\/p><p>Para cualquier modificaci\u00f3n de la reserva, te invitamos a contactarnos lo antes posible para verificar la disponibilidad.<\/p><p>Si tienes alguna duda o necesitas m\u00e1s informaci\u00f3n, estamos siempre a tu disposici\u00f3n para ayudarte.<\/p><p>\u00a1Gracias por elegir Agriturismo Cinuzza!<\/p>\t\t\t\t\t\t\t\t<\/div>\n\t\t\t\t\t<\/div>\n\t\t<\/div>\n\t\t\t\t\t<\/div>\n\t\t<\/section>\n\t\t\t\t<\/div>\n\t\t","protected":false},"excerpt":{"rendered":"<p>Agriturismo Cinuzza: termini e condizioni Presso Agriturismo Cinuzza, desideriamo offrire ai nostri ospiti un&#8217;esperienza serena e trasparente. Ecco i termini per la prenotazione e la cancellazione del soggiorno. Termini di Prenotazione Dal momento della prenotazione su questo sito web, riserveremo &hellip; <a href=\"https:\/\/agriturismocinuzza.it\/es\/cookie-policy-eu\/terms-conditions\/\">Read More<\/a><\/p>\n","protected":false},"author":1,"featured_media":0,"parent":413,"menu_order":1,"comment_status":"closed","ping_status":"closed","template":"","meta":{"footnotes":""},"class_list":["post-47","page","type-page","status-publish","hentry"],"yoast_head":"<!-- This site is optimized with the Yoast SEO plugin v27.2 - https:\/\/yoast.com\/product\/yoast-seo-wordpress\/ -->\n<title>Terms &amp; Conditions<\/title>\n<meta name=\"description\" content=\"Agriturismo Cinuzza: termini e condizioniPresso Agriturismo Cinuzza, desideriamo offrire ai nostri ospiti un&#039;esperienza serena e trasparente. Ecco i termini per la prenotazione e la cancellazione del soggiorno.Termini di PrenotazioneDal momento della prenotazione su questo sito web, riserveremo per voi le date scelte per 72 ore. Al termine di questo periodo, se il pagamento non sar\u00e0&hellip;\" \/>\n<meta name=\"robots\" content=\"index, follow, max-snippet:-1, max-image-preview:large, max-video-preview:-1\" \/>\n<link rel=\"canonical\" href=\"\" \/>\n<meta property=\"og:locale\" content=\"es_ES\" \/>\n<meta property=\"og:type\" content=\"article\" \/>\n<meta property=\"og:title\" content=\"Terms &amp; Conditions\" \/>\n<meta property=\"og:description\" content=\"Agriturismo Cinuzza: termini e condizioniPresso Agriturismo Cinuzza, desideriamo offrire ai nostri ospiti un&#039;esperienza serena e trasparente. Ecco i termini per la prenotazione e la cancellazione del soggiorno.Termini di PrenotazioneDal momento della prenotazione su questo sito web, riserveremo per voi le date scelte per 72 ore. Al termine di questo periodo, se il pagamento non sar\u00e0&hellip;\" \/>\n<meta property=\"og:url\" content=\"https:\/\/agriturismocinuzza.it\/es\/cookie-policy-eu\/terms-conditions\/\" \/>\n<meta property=\"og:site_name\" content=\"Agriturismo Cinuzza\" \/>\n<meta property=\"article:modified_time\" content=\"2025-04-18T15:38:12+00:00\" \/>\n<meta property=\"og:image\" content=\"https:\/\/agriturismocinuzza.it\/wp-content\/uploads\/2025\/01\/Esterno5.jpg\" \/>\n\t<meta property=\"og:image:width\" content=\"1200\" \/>\n\t<meta property=\"og:image:height\" content=\"797\" \/>\n\t<meta property=\"og:image:type\" content=\"image\/jpeg\" \/>\n<meta name=\"twitter:card\" content=\"summary_large_image\" \/>\n<meta name=\"twitter:label1\" content=\"Tiempo de lectura\" \/>\n\t<meta name=\"twitter:data1\" content=\"2 minutos\" \/>\n<!-- \/ Yoast SEO plugin. -->","yoast_head_json":{"title":"Terms & Conditions","description":"Agriturismo Cinuzza: termini e condizioniPresso Agriturismo Cinuzza, desideriamo offrire ai nostri ospiti un'esperienza serena e trasparente. Ecco i termini per la prenotazione e la cancellazione del soggiorno.Termini di PrenotazioneDal momento della prenotazione su questo sito web, riserveremo per voi le date scelte per 72 ore. Al termine di questo periodo, se il pagamento non sar\u00e0&hellip;","robots":{"index":"index","follow":"follow","max-snippet":"max-snippet:-1","max-image-preview":"max-image-preview:large","max-video-preview":"max-video-preview:-1"},"canonical":"Agriturismo Cinuzza: termini e condizioniPresso Agriturismo Cinuzza, desideriamo offrire ai nostri ospiti un'esperienza serena e trasparente. Ecco i termini per la prenotazione e la cancellazione del soggiorno.Termini di PrenotazioneDal momento della prenotazione su questo sito web, riserveremo per voi le date scelte per 72 ore. Al termine di questo periodo, se il pagamento non sar\u00e0&hellip;","og_locale":"es_ES","og_type":"article","og_title":"Terms & Conditions","og_description":"Agriturismo Cinuzza: termini e condizioniPresso Agriturismo Cinuzza, desideriamo offrire ai nostri ospiti un'esperienza serena e trasparente. Ecco i termini per la prenotazione e la cancellazione del soggiorno.Termini di PrenotazioneDal momento della prenotazione su questo sito web, riserveremo per voi le date scelte per 72 ore. Al termine di questo periodo, se il pagamento non sar\u00e0&hellip;","og_url":"https:\/\/agriturismocinuzza.it\/es\/cookie-policy-eu\/terms-conditions\/","og_site_name":"Agriturismo Cinuzza","article_modified_time":"2025-04-18T15:38:12+00:00","og_image":[{"width":1200,"height":797,"url":"https:\/\/agriturismocinuzza.it\/wp-content\/uploads\/2025\/01\/Esterno5.jpg","type":"image\/jpeg"}],"twitter_card":"summary_large_image","twitter_misc":{"Tiempo de lectura":"2 minutos"},"schema":{"@context":"https:\/\/schema.org","@graph":[{"@type":"WebPage","@id":"https:\/\/agriturismocinuzza.it\/es\/cookie-policy-eu\/terms-conditions\/","url":"https:\/\/agriturismocinuzza.it\/es\/cookie-policy-eu\/terms-conditions\/","name":"Terms & Conditions - Agriturismo Cinuzza","isPartOf":{"@id":"https:\/\/agriturismocinuzza.it\/#website"},"datePublished":"2021-10-18T17:01:15+00:00","dateModified":"2025-04-18T15:38:12+00:00","breadcrumb":{"@id":"https:\/\/agriturismocinuzza.it\/es\/cookie-policy-eu\/terms-conditions\/#breadcrumb"},"inLanguage":"es","potentialAction":[{"@type":"ReadAction","target":["https:\/\/agriturismocinuzza.it\/es\/cookie-policy-eu\/terms-conditions\/"]}]},{"@type":"BreadcrumbList","@id":"https:\/\/agriturismocinuzza.it\/es\/cookie-policy-eu\/terms-conditions\/#breadcrumb","itemListElement":[{"@type":"ListItem","position":1,"name":"Home","item":"https:\/\/agriturismocinuzza.it\/"},{"@type":"ListItem","position":2,"name":"Cookie Policy (EU)","item":"https:\/\/agriturismocinuzza.it\/cookie-policy-eu\/"},{"@type":"ListItem","position":3,"name":"Terms & Conditions"}]},{"@type":"WebSite","@id":"https:\/\/agriturismocinuzza.it\/es\/#website","url":"https:\/\/agriturismocinuzza.it\/es\/","name":"Agriturismo Podere Cinuzza","description":"Natura, sapori e tradizione: benvenuti a Cinuzza","publisher":{"@id":"https:\/\/agriturismocinuzza.it\/es\/#organization"},"alternateName":"Agriturismo Cinuzza","potentialAction":[{"@type":"SearchAction","target":{"@type":"EntryPoint","urlTemplate":"https:\/\/agriturismocinuzza.it\/es\/?s={search_term_string}"},"query-input":{"@type":"PropertyValueSpecification","valueRequired":true,"valueName":"search_term_string"}}],"inLanguage":"es"},{"@type":"Organization","@id":"https:\/\/agriturismocinuzza.it\/es\/#organization","name":"Agriturismo Podere Cinuzza","alternateName":"Agriturismo Cinuzza","url":"https:\/\/agriturismocinuzza.it\/es\/","logo":{"@type":"ImageObject","inLanguage":"es","@id":"https:\/\/agriturismocinuzza.it\/es\/#\/schema\/logo\/image\/","url":"https:\/\/agriturismocinuzza.it\/wp-content\/uploads\/2021\/09\/Agriturismo-Cinuzza-Logo-2.png","contentUrl":"https:\/\/agriturismocinuzza.it\/wp-content\/uploads\/2021\/09\/Agriturismo-Cinuzza-Logo-2.png","width":1000,"height":500,"caption":"Agriturismo Podere Cinuzza"},"image":{"@id":"https:\/\/agriturismocinuzza.it\/es\/#\/schema\/logo\/image\/"}}]}},"_links":{"self":[{"href":"https:\/\/agriturismocinuzza.it\/es\/wp-json\/wp\/v2\/pages\/47","targetHints":{"allow":["GET"]}}],"collection":[{"href":"https:\/\/agriturismocinuzza.it\/es\/wp-json\/wp\/v2\/pages"}],"about":[{"href":"https:\/\/agriturismocinuzza.it\/es\/wp-json\/wp\/v2\/types\/page"}],"author":[{"embeddable":true,"href":"https:\/\/agriturismocinuzza.it\/es\/wp-json\/wp\/v2\/users\/1"}],"replies":[{"embeddable":true,"href":"https:\/\/agriturismocinuzza.it\/es\/wp-json\/wp\/v2\/comments?post=47"}],"version-history":[{"count":0,"href":"https:\/\/agriturismocinuzza.it\/es\/wp-json\/wp\/v2\/pages\/47\/revisions"}],"up":[{"embeddable":true,"href":"https:\/\/agriturismocinuzza.it\/es\/wp-json\/wp\/v2\/pages\/413"}],"wp:attachment":[{"href":"https:\/\/agriturismocinuzza.it\/es\/wp-json\/wp\/v2\/media?parent=47"}],"curies":[{"name":"wp","href":"https:\/\/api.w.org\/{rel}","templated":true}]}}